{"id":2096,"date":"2026-01-15T13:45:16","date_gmt":"2026-01-15T13:45:16","guid":{"rendered":"https:\/\/www.firstchoicelaw.com\/new\/?page_id=2096"},"modified":"2026-01-28T13:14:05","modified_gmt":"2026-01-28T13:14:05","slug":"show-do-pericles","status":"publish","type":"page","link":"https:\/\/www.firstchoicelaw.com\/new\/personal-injury-blog\/show-do-pericles\/","title":{"rendered":"Show do pericles"},"content":{"rendered":"\t\t<div data-elementor-type=\"wp-page\" data-elementor-id=\"2096\" class=\"elementor elementor-2096\" data-elementor-post-type=\"page\">\n\t\t\t\t<div class=\"elementor-element elementor-element-43082af e-con-full e-flex e-con e-parent\" data-id=\"43082af\" data-element_type=\"container\" data-e-type=\"container\">\n\t\t<div class=\"elementor-element elementor-element-f11ca88 e-con-full e-flex e-con e-child\" data-id=\"f11ca88\" data-element_type=\"container\" data-e-type=\"container\">\n\t\t\t\t<div class=\"elementor-element elementor-element-8c6275d elementor-widget elementor-widget-image\" data-id=\"8c6275d\" data-element_type=\"widget\" data-e-type=\"widget\" data-widget_type=\"image.default\">\n\t\t\t\t\t\t\t\t\t\t\t\t\t\t\t<img decoding=\"async\" src=\"https:\/\/www.firstchoicelaw.com\/new\/wp-content\/uploads\/elementor\/thumbs\/pablo-heimplatz-ZODcBkEohk8-unsplash-scaled-rhoyj28zoi38r8ipbt4jlhjg5cemd76io2ely1m8sg.jpg\" title=\"pablo-heimplatz-ZODcBkEohk8-unsplash\" alt=\"pablo-heimplatz-ZODcBkEohk8-unsplash\" loading=\"lazy\" \/>\t\t\t\t\t\t\t\t\t\t\t\t\t\t\t<\/div>\n\t\t\t\t<div class=\"elementor-element elementor-element-e41a933 elementor-widget__width-initial elementor-absolute e-transform elementor-widget elementor-widget-heading\" data-id=\"e41a933\" data-element_type=\"widget\" data-e-type=\"widget\" data-settings=\"{&quot;_position&quot;:&quot;absolute&quot;,&quot;_transform_translateX_effect&quot;:{&quot;unit&quot;:&quot;%&quot;,&quot;size&quot;:-50,&quot;sizes&quot;:[]},&quot;_transform_translateX_effect_tablet&quot;:{&quot;unit&quot;:&quot;%&quot;,&quot;size&quot;:&quot;&quot;,&quot;sizes&quot;:[]},&quot;_transform_translateX_effect_mobile&quot;:{&quot;unit&quot;:&quot;%&quot;,&quot;size&quot;:&quot;&quot;,&quot;sizes&quot;:[]},&quot;_transform_translateY_effect&quot;:{&quot;unit&quot;:&quot;%&quot;,&quot;size&quot;:-50,&quot;sizes&quot;:[]},&quot;_transform_translateY_effect_tablet&quot;:{&quot;unit&quot;:&quot;%&quot;,&quot;size&quot;:&quot;&quot;,&quot;sizes&quot;:[]},&quot;_transform_translateY_effect_mobile&quot;:{&quot;unit&quot;:&quot;%&quot;,&quot;size&quot;:&quot;&quot;,&quot;sizes&quot;:[]}}\" data-widget_type=\"heading.default\">\n\t\t\t\t\t<h2 class=\"elementor-heading-title elementor-size-default\">Show do pericles<\/h2>\t\t\t\t<\/div>\n\t\t\t\t<\/div>\n\t\t<div class=\"elementor-element elementor-element-aa4b9fa e-flex e-con-boxed e-con e-child\" data-id=\"aa4b9fa\" data-element_type=\"container\" data-e-type=\"container\">\n\t\t\t\t\t<div class=\"e-con-inner\">\n\t\t\t\t<div class=\"elementor-element elementor-element-eacd7bb elementor-widget elementor-widget-heading\" data-id=\"eacd7bb\" data-element_type=\"widget\" data-e-type=\"widget\" data-widget_type=\"heading.default\">\n\t\t\t\t\t<h2 class=\"elementor-heading-title elementor-size-default\">First Choice Law mais um patroc\u00ednio ao show de P\u00e9ricles no Hard Rock Caf\u00e9<\/h2>\t\t\t\t<\/div>\n\t\t\t\t<div class=\"elementor-element elementor-element-902afda elementor-widget__width-initial elementor-widget elementor-widget-heading\" data-id=\"902afda\" data-element_type=\"widget\" data-e-type=\"widget\" data-widget_type=\"heading.default\">\n\t\t\t\t\t<span class=\"elementor-heading-title elementor-size-default\">   <\/span>\t\t\t\t<\/div>\n\t\t\t\t<div class=\"elementor-element elementor-element-68f5f82 elementor-widget elementor-widget-text-editor\" data-id=\"68f5f82\" data-element_type=\"widget\" data-e-type=\"widget\" data-widget_type=\"text-editor.default\">\n\t\t\t\t\t\t\t\t\t<p>No dia\u00a0<strong>20 de junho de 2024<\/strong>, a First Choice Law teve a honra de patrocinar um evento memor\u00e1vel: o show do cantor\u00a0<strong>P\u00e9ricles<\/strong>, realizado no ic\u00f4nico\u00a0<strong>Hard Rock Caf\u00e9<\/strong>\u00a0em Miami. Reconhecido por sua carreira brilhante no samba e pagode, P\u00e9ricles emocionou o p\u00fablico com sua voz marcante, carisma e repert\u00f3rio cheio de sucessos que atravessam gera\u00e7\u00f5es.<u><\/u><u><\/u><\/p><p>\u00a0<\/p><p>O evento foi\u00a0<strong>excelentemente organizado<\/strong>, reunindo f\u00e3s apaixonados e proporcionando uma noite de m\u00fasica, alegria e intera\u00e7\u00e3o com a comunidade brasileira na Fl\u00f3rida. A First Choice Law marcou presen\u00e7a com sua identidade visual e brindes exclusivos, refor\u00e7ando o compromisso da empresa em apoiar eventos culturais que unem e celebram a nossa comunidade.<u><\/u><u><\/u><\/p><p>\u00a0<\/p><p>Al\u00e9m da participa\u00e7\u00e3o institucional, a s\u00f3cia-fundadora\u00a0<strong>Caroline Fischer Espi<\/strong>\u00a0teve um momento muito especial: ganhou um\u00a0<strong>viol\u00e3o autografado por v\u00e1rias bandas que j\u00e1 se apresentaram na Fl\u00f3rida<\/strong>, presente oferecido por\u00a0<strong>J\u00fanior, dono da R\u00e1dio Florida<\/strong>. Um gesto simb\u00f3lico que celebrou tanto a m\u00fasica quanto o v\u00ednculo da First Choice Law com a cena cultural brasileira na regi\u00e3o.<u><\/u><u><\/u><\/p><p>\u00a0<\/p><p>Patrocinar shows como o de P\u00e9ricles refor\u00e7a o compromisso da First Choice Law em\u00a0<strong>aproximar a marca da comunidade brasileira<\/strong>\u00a0atrav\u00e9s de experi\u00eancias culturais inesquec\u00edveis, apoiando a m\u00fasica, a arte e o entretenimento que tanto conectam pessoas.<\/p>\t\t\t\t\t\t\t\t<\/div>\n\t\t\t\t<div class=\"elementor-element elementor-element-3f99fbc gallery-spacing-custom elementor-widget elementor-widget-image-gallery\" data-id=\"3f99fbc\" data-element_type=\"widget\" data-e-type=\"widget\" data-widget_type=\"image-gallery.default\">\n\t\t\t\t\t\t\t<div class=\"elementor-image-gallery\">\n\t\t\t<div id='gallery-1' class='gallery galleryid-2096 gallery-columns-7 gallery-size-thumbnail'><figure class='gallery-item'>\n\t\t\t<div class='gallery-icon portrait'>\n\t\t\t\t<a data-elementor-open-lightbox=\"yes\" data-elementor-lightbox-slideshow=\"3f99fbc\" data-elementor-lightbox-title=\"image (26)\" data-e-action-hash=\"#elementor-action%3Aaction%3Dlightbox%26settings%3DeyJpZCI6MjIzNCwidXJsIjoiaHR0cHM6XC9cL3d3dy5maXJzdGNob2ljZWxhdy5jb21cL25ld1wvd3AtY29udGVudFwvdXBsb2Fkc1wvMjAyNlwvMDFcL2ltYWdlLTI2LnBuZyIsInNsaWRlc2hvdyI6IjNmOTlmYmMifQ%3D%3D\" href='https:\/\/www.firstchoicelaw.com\/new\/wp-content\/uploads\/2026\/01\/image-26.png'><img decoding=\"async\" width=\"150\" height=\"150\" src=\"https:\/\/www.firstchoicelaw.com\/new\/wp-content\/uploads\/2026\/01\/image-26-150x150.png\" class=\"attachment-thumbnail size-thumbnail\" alt=\"\" \/><\/a>\n\t\t\t<\/div><\/figure><figure class='gallery-item'>\n\t\t\t<div class='gallery-icon portrait'>\n\t\t\t\t<a data-elementor-open-lightbox=\"yes\" data-elementor-lightbox-slideshow=\"3f99fbc\" data-elementor-lightbox-title=\"image (27)\" data-e-action-hash=\"#elementor-action%3Aaction%3Dlightbox%26settings%3DeyJpZCI6MjIzNSwidXJsIjoiaHR0cHM6XC9cL3d3dy5maXJzdGNob2ljZWxhdy5jb21cL25ld1wvd3AtY29udGVudFwvdXBsb2Fkc1wvMjAyNlwvMDFcL2ltYWdlLTI3LnBuZyIsInNsaWRlc2hvdyI6IjNmOTlmYmMifQ%3D%3D\" href='https:\/\/www.firstchoicelaw.com\/new\/wp-content\/uploads\/2026\/01\/image-27.png'><img decoding=\"async\" width=\"150\" height=\"150\" src=\"https:\/\/www.firstchoicelaw.com\/new\/wp-content\/uploads\/2026\/01\/image-27-150x150.png\" class=\"attachment-thumbnail size-thumbnail\" alt=\"\" \/><\/a>\n\t\t\t<\/div><\/figure><figure class='gallery-item'>\n\t\t\t<div class='gallery-icon portrait'>\n\t\t\t\t<a data-elementor-open-lightbox=\"yes\" data-elementor-lightbox-slideshow=\"3f99fbc\" data-elementor-lightbox-title=\"image (25)\" data-e-action-hash=\"#elementor-action%3Aaction%3Dlightbox%26settings%3DeyJpZCI6MjIzNiwidXJsIjoiaHR0cHM6XC9cL3d3dy5maXJzdGNob2ljZWxhdy5jb21cL25ld1wvd3AtY29udGVudFwvdXBsb2Fkc1wvMjAyNlwvMDFcL2ltYWdlLTI1LnBuZyIsInNsaWRlc2hvdyI6IjNmOTlmYmMifQ%3D%3D\" href='https:\/\/www.firstchoicelaw.com\/new\/wp-content\/uploads\/2026\/01\/image-25.png'><img decoding=\"async\" width=\"150\" height=\"150\" src=\"https:\/\/www.firstchoicelaw.com\/new\/wp-content\/uploads\/2026\/01\/image-25-150x150.png\" class=\"attachment-thumbnail size-thumbnail\" alt=\"\" \/><\/a>\n\t\t\t<\/div><\/figure><figure class='gallery-item'>\n\t\t\t<div class='gallery-icon portrait'>\n\t\t\t\t<a data-elementor-open-lightbox=\"yes\" data-elementor-lightbox-slideshow=\"3f99fbc\" data-elementor-lightbox-title=\"image (24)\" data-e-action-hash=\"#elementor-action%3Aaction%3Dlightbox%26settings%3DeyJpZCI6MjIzNywidXJsIjoiaHR0cHM6XC9cL3d3dy5maXJzdGNob2ljZWxhdy5jb21cL25ld1wvd3AtY29udGVudFwvdXBsb2Fkc1wvMjAyNlwvMDFcL2ltYWdlLTI0LnBuZyIsInNsaWRlc2hvdyI6IjNmOTlmYmMifQ%3D%3D\" href='https:\/\/www.firstchoicelaw.com\/new\/wp-content\/uploads\/2026\/01\/image-24.png'><img loading=\"lazy\" decoding=\"async\" width=\"150\" height=\"150\" src=\"https:\/\/www.firstchoicelaw.com\/new\/wp-content\/uploads\/2026\/01\/image-24-150x150.png\" class=\"attachment-thumbnail size-thumbnail\" alt=\"\" \/><\/a>\n\t\t\t<\/div><\/figure>\n\t\t<\/div>\n\t\t<\/div>\n\t\t\t\t\t\t<\/div>\n\t\t\t\t\t<\/div>\n\t\t\t\t<\/div>\n\t\t<div class=\"elementor-element elementor-element-86a21a1 e-con-full e-flex e-con e-child\" data-id=\"86a21a1\" data-element_type=\"container\" data-e-type=\"container\" data-settings=\"{&quot;background_background&quot;:&quot;classic&quot;}\">\n\t\t\t\t<div class=\"elementor-element elementor-element-91b48c3 elementor-widget elementor-widget-heading\" data-id=\"91b48c3\" data-element_type=\"widget\" data-e-type=\"widget\" data-widget_type=\"heading.default\">\n\t\t\t\t\t<p class=\"elementor-heading-title elementor-size-default\">We're Available 24\/7 \u2013 Chat Now<\/p>\t\t\t\t<\/div>\n\t\t\t\t<div class=\"elementor-element elementor-element-1a7c4a1 elementor-align-center elementor-widget__width-initial elementor-widget elementor-widget-button\" data-id=\"1a7c4a1\" data-element_type=\"widget\" data-e-type=\"widget\" data-widget_type=\"button.default\">\n\t\t\t\t\t\t\t\t\t\t<a class=\"elementor-button elementor-button-link elementor-size-sm\" href=\"#\">\n\t\t\t\t\t\t<span class=\"elementor-button-content-wrapper\">\n\t\t\t\t\t\t\t\t\t<span class=\"elementor-button-text\">Start Chat Now<\/span>\n\t\t\t\t\t<\/span>\n\t\t\t\t\t<\/a>\n\t\t\t\t\t\t\t\t<\/div>\n\t\t\t\t<div class=\"elementor-element elementor-element-8d65720 elementor-widget elementor-widget-heading\" data-id=\"8d65720\" data-element_type=\"widget\" data-e-type=\"widget\" data-widget_type=\"heading.default\">\n\t\t\t\t\t<p class=\"elementor-heading-title elementor-size-default\">We Speak English, Portuguese &amp; Spanish<\/p>\t\t\t\t<\/div>\n\t\t\t\t<\/div>\n\t\t\t\t<\/div>\n\t\t\t\t<\/div>\n\t\t","protected":false},"excerpt":{"rendered":"<p>Show do pericles First Choice Law mais um patroc\u00ednio ao show de P\u00e9ricles no Hard Rock Caf\u00e9 No dia\u00a020 de [&hellip;]<\/p>\n","protected":false},"author":1,"featured_media":0,"parent":73,"menu_order":0,"comment_status":"closed","ping_status":"closed","template":"elementor_header_footer","meta":{"site-sidebar-layout":"no-sidebar","site-content-layout":"","ast-site-content-layout":"full-width-container","site-content-style":"default","site-sidebar-style":"default","ast-global-header-display":"","ast-banner-title-visibility":"","ast-main-header-display":"","ast-hfb-above-header-display":"","ast-hfb-below-header-display":"","ast-hfb-mobile-header-display":"","site-post-title":"","ast-breadcrumbs-content":"","ast-featured-img":"disabled","footer-sml-layout":"","ast-disable-related-posts":"","theme-transparent-header-meta":"","adv-header-id-meta":"","stick-header-meta":"","header-above-stick-meta":"","header-main-stick-meta":"","header-below-stick-meta":"","astra-migrate-meta-layouts":"default","ast-page-background-enabled":"default","ast-page-background-meta":{"desktop":{"background-color":"var(--ast-global-color-5)","background-image":"","background-repeat":"repeat","background-position":"center center","background-size":"auto","background-attachment":"scroll","background-type":"","background-media":"","overlay-type":"","overlay-color":"","overlay-opacity":"","overlay-gradient":""},"tablet":{"background-color":"","background-image":"","background-repeat":"repeat","background-position":"center center","background-size":"auto","background-attachment":"scroll","background-type":"","background-media":"","overlay-type":"","overlay-color":"","overlay-opacity":"","overlay-gradient":""},"mobile":{"background-color":"","background-image":"","background-repeat":"repeat","background-position":"center center","background-size":"auto","background-attachment":"scroll","background-type":"","background-media":"","overlay-type":"","overlay-color":"","overlay-opacity":"","overlay-gradient":""}},"ast-content-background-meta":{"desktop":{"background-color":"var(--ast-global-color-4)","background-image":"","background-repeat":"repeat","background-position":"center center","background-size":"auto","background-attachment":"scroll","background-type":"","background-media":"","overlay-type":"","overlay-color":"","overlay-opacity":"","overlay-gradient":""},"tablet":{"background-color":"var(--ast-global-color-4)","background-image":"","background-repeat":"repeat","background-position":"center center","background-size":"auto","background-attachment":"scroll","background-type":"","background-media":"","overlay-type":"","overlay-color":"","overlay-opacity":"","overlay-gradient":""},"mobile":{"background-color":"var(--ast-global-color-4)","background-image":"","background-repeat":"repeat","background-position":"center center","background-size":"auto","background-attachment":"scroll","background-type":"","background-media":"","overlay-type":"","overlay-color":"","overlay-opacity":"","overlay-gradient":""}},"footnotes":""},"class_list":["post-2096","page","type-page","status-publish","hentry"],"_links":{"self":[{"href":"https:\/\/www.firstchoicelaw.com\/new\/wp-json\/wp\/v2\/pages\/2096","targetHints":{"allow":["GET"]}}],"collection":[{"href":"https:\/\/www.firstchoicelaw.com\/new\/wp-json\/wp\/v2\/pages"}],"about":[{"href":"https:\/\/www.firstchoicelaw.com\/new\/wp-json\/wp\/v2\/types\/page"}],"author":[{"embeddable":true,"href":"https:\/\/www.firstchoicelaw.com\/new\/wp-json\/wp\/v2\/users\/1"}],"replies":[{"embeddable":true,"href":"https:\/\/www.firstchoicelaw.com\/new\/wp-json\/wp\/v2\/comments?post=2096"}],"version-history":[{"count":10,"href":"https:\/\/www.firstchoicelaw.com\/new\/wp-json\/wp\/v2\/pages\/2096\/revisions"}],"predecessor-version":[{"id":2698,"href":"https:\/\/www.firstchoicelaw.com\/new\/wp-json\/wp\/v2\/pages\/2096\/revisions\/2698"}],"up":[{"embeddable":true,"href":"https:\/\/www.firstchoicelaw.com\/new\/wp-json\/wp\/v2\/pages\/73"}],"wp:attachment":[{"href":"https:\/\/www.firstchoicelaw.com\/new\/wp-json\/wp\/v2\/media?parent=2096"}],"curies":[{"name":"wp","href":"https:\/\/api.w.org\/{rel}","templated":true}]}}