{"id":2091,"date":"2026-01-15T13:37:56","date_gmt":"2026-01-15T13:37:56","guid":{"rendered":"https:\/\/www.firstchoicelaw.com\/new\/?page_id=2091"},"modified":"2026-01-28T13:05:37","modified_gmt":"2026-01-28T13:05:37","slug":"show-do-tardezinha","status":"publish","type":"page","link":"https:\/\/www.firstchoicelaw.com\/new\/personal-injury-blog\/show-do-tardezinha\/","title":{"rendered":"Show do tardezinha"},"content":{"rendered":"\t\t<div data-elementor-type=\"wp-page\" data-elementor-id=\"2091\" class=\"elementor elementor-2091\" data-elementor-post-type=\"page\">\n\t\t\t\t<div class=\"elementor-element elementor-element-bf6b72c e-con-full e-flex e-con e-parent\" data-id=\"bf6b72c\" data-element_type=\"container\" data-e-type=\"container\">\n\t\t<div class=\"elementor-element elementor-element-49dc65f e-con-full e-flex e-con e-child\" data-id=\"49dc65f\" data-element_type=\"container\" data-e-type=\"container\">\n\t\t\t\t<div class=\"elementor-element elementor-element-133b3f3 elementor-widget elementor-widget-image\" data-id=\"133b3f3\" data-element_type=\"widget\" data-e-type=\"widget\" data-widget_type=\"image.default\">\n\t\t\t\t\t\t\t\t\t\t\t\t\t\t\t<img decoding=\"async\" src=\"https:\/\/www.firstchoicelaw.com\/new\/wp-content\/uploads\/elementor\/thumbs\/pablo-heimplatz-ZODcBkEohk8-unsplash-scaled-rhoyj28zoi38r8ipbt4jlhjg5cemd76io2ely1m8sg.jpg\" title=\"pablo-heimplatz-ZODcBkEohk8-unsplash\" alt=\"pablo-heimplatz-ZODcBkEohk8-unsplash\" loading=\"lazy\" \/>\t\t\t\t\t\t\t\t\t\t\t\t\t\t\t<\/div>\n\t\t\t\t<div class=\"elementor-element elementor-element-907b539 elementor-widget__width-initial elementor-absolute e-transform elementor-widget elementor-widget-heading\" data-id=\"907b539\" data-element_type=\"widget\" data-e-type=\"widget\" data-settings=\"{&quot;_position&quot;:&quot;absolute&quot;,&quot;_transform_translateX_effect&quot;:{&quot;unit&quot;:&quot;%&quot;,&quot;size&quot;:-50,&quot;sizes&quot;:[]},&quot;_transform_translateX_effect_tablet&quot;:{&quot;unit&quot;:&quot;%&quot;,&quot;size&quot;:&quot;&quot;,&quot;sizes&quot;:[]},&quot;_transform_translateX_effect_mobile&quot;:{&quot;unit&quot;:&quot;%&quot;,&quot;size&quot;:&quot;&quot;,&quot;sizes&quot;:[]},&quot;_transform_translateY_effect&quot;:{&quot;unit&quot;:&quot;%&quot;,&quot;size&quot;:-50,&quot;sizes&quot;:[]},&quot;_transform_translateY_effect_tablet&quot;:{&quot;unit&quot;:&quot;%&quot;,&quot;size&quot;:&quot;&quot;,&quot;sizes&quot;:[]},&quot;_transform_translateY_effect_mobile&quot;:{&quot;unit&quot;:&quot;%&quot;,&quot;size&quot;:&quot;&quot;,&quot;sizes&quot;:[]}}\" data-widget_type=\"heading.default\">\n\t\t\t\t\t<h2 class=\"elementor-heading-title elementor-size-default\">Show do tardezinha<\/h2>\t\t\t\t<\/div>\n\t\t\t\t<\/div>\n\t\t<div class=\"elementor-element elementor-element-87e85da e-flex e-con-boxed e-con e-child\" data-id=\"87e85da\" data-element_type=\"container\" data-e-type=\"container\">\n\t\t\t\t\t<div class=\"e-con-inner\">\n\t\t\t\t<div class=\"elementor-element elementor-element-4cb3581 elementor-widget elementor-widget-heading\" data-id=\"4cb3581\" data-element_type=\"widget\" data-e-type=\"widget\" data-widget_type=\"heading.default\">\n\t\t\t\t\t<h2 class=\"elementor-heading-title elementor-size-default\">First Choice Law: patrocinadora do Tardezinha em Miami pela primeira vez<\/h2>\t\t\t\t<\/div>\n\t\t\t\t<div class=\"elementor-element elementor-element-827d4a9 elementor-widget__width-initial elementor-widget elementor-widget-heading\" data-id=\"827d4a9\" data-element_type=\"widget\" data-e-type=\"widget\" data-widget_type=\"heading.default\">\n\t\t\t\t\t<span class=\"elementor-heading-title elementor-size-default\">   <\/span>\t\t\t\t<\/div>\n\t\t\t\t<div class=\"elementor-element elementor-element-d27a0c3 elementor-widget elementor-widget-text-editor\" data-id=\"d27a0c3\" data-element_type=\"widget\" data-e-type=\"widget\" data-widget_type=\"text-editor.default\">\n\t\t\t\t\t\t\t\t\t<p>No dia\u00a0<strong>25 de junho de 2023<\/strong>, a First Choice Law viveu um marco especial ao patrocinar, pela\u00a0<strong>primeira vez<\/strong>, um grande show: o inesquec\u00edvel\u00a0<strong>Tardezinha em Miami<\/strong>. O evento iluminou a comunidade brasileira na Fl\u00f3rida com m\u00fasica, alegria e a energia \u00fanica que s\u00f3 o Thiaguinho consegue transmitir. O espet\u00e1culo, j\u00e1 consagrado no Brasil, trouxe para Miami a mesma atmosfera vibrante, afetiva e cheia de boas lembran\u00e7as \u2014 e n\u00f3s tivemos o privil\u00e9gio de marcar presen\u00e7a como patrocinadores oficiais.\u00a0<u><\/u><u><\/u><\/p><p>\u00a0<\/p><p>Embora o show tenha sido grandioso, com a performance impressionante de um dos artistas mais queridos do Brasil, o verdadeiro destaque para n\u00f3s foi a oportunidade de\u00a0<strong>aproximar ainda mais a First Choice Law da comunidade brasileira<\/strong>, refor\u00e7ando nosso compromisso de apoiar eventos culturais que celebram nossa identidade e fortalecem nossos la\u00e7os nos Estados Unidos.<\/p>\t\t\t\t\t\t\t\t<\/div>\n\t\t\t\t<div class=\"elementor-element elementor-element-ec2b1b7 elementor-widget elementor-widget-heading\" data-id=\"ec2b1b7\" data-element_type=\"widget\" data-e-type=\"widget\" data-widget_type=\"heading.default\">\n\t\t\t\t\t<h2 class=\"elementor-heading-title elementor-size-default\">A\u00e7\u00f5es especiais da First Choice Law no evento\n<\/h2>\t\t\t\t<\/div>\n\t\t\t\t<div class=\"elementor-element elementor-element-ffceb38 elementor-widget__width-initial elementor-widget elementor-widget-heading\" data-id=\"ffceb38\" data-element_type=\"widget\" data-e-type=\"widget\" data-widget_type=\"heading.default\">\n\t\t\t\t\t<span class=\"elementor-heading-title elementor-size-default\"> <\/span>\t\t\t\t<\/div>\n\t\t\t\t<div class=\"elementor-element elementor-element-628b74e elementor-widget elementor-widget-text-editor\" data-id=\"628b74e\" data-element_type=\"widget\" data-e-type=\"widget\" data-widget_type=\"text-editor.default\">\n\t\t\t\t\t\t\t\t\t<p>Para tornar essa noite ainda mais especial, preparamos a\u00e7\u00f5es de marketing pensadas exclusivamente para o p\u00fablico presente no Tardezinha:<u><\/u><\/p><p>\u00a0<\/p><ul type=\"disc\"><li><strong>4 bandeiras gigantes de 10 p\u00e9s<\/strong>, estrategicamente posicionadas, garantindo visibilidade e refor\u00e7ando nossa presen\u00e7a com eleg\u00e2ncia e impacto visual.<u><\/u><u><\/u><\/li><li><strong>Mais de 1.000 copos personalizados<\/strong>, distribu\u00eddos como lembran\u00e7a exclusiva da noite \u2014 um dos brindes mais disputados do evento.<u><\/u><u><\/u><\/li><li><strong>Toalhas de treino personalizadas<\/strong>, oferecidas para ajudar os participantes a se refrescar, unindo utilidade, cuidado e aten\u00e7\u00e3o ao conforto do p\u00fablico.<u><\/u><u><\/u><\/li><\/ul><p>\u00a0<\/p><p>Cada a\u00e7\u00e3o foi planejada com carinho para agregar valor \u00e0 experi\u00eancia dos presentes, refor\u00e7ando a identidade da First Choice Law de maneira acolhedora, marcante e inesquec\u00edvel.<\/p>\t\t\t\t\t\t\t\t<\/div>\n\t\t\t\t<div class=\"elementor-element elementor-element-4cbbffa elementor-widget elementor-widget-heading\" data-id=\"4cbbffa\" data-element_type=\"widget\" data-e-type=\"widget\" data-widget_type=\"heading.default\">\n\t\t\t\t\t<h2 class=\"elementor-heading-title elementor-size-default\">Compromisso com a cultura e com a comunidade brasileira<\/h2>\t\t\t\t<\/div>\n\t\t\t\t<div class=\"elementor-element elementor-element-6f6c928 elementor-widget__width-initial elementor-widget elementor-widget-heading\" data-id=\"6f6c928\" data-element_type=\"widget\" data-e-type=\"widget\" data-widget_type=\"heading.default\">\n\t\t\t\t\t<span class=\"elementor-heading-title elementor-size-default\"> <\/span>\t\t\t\t<\/div>\n\t\t\t\t<div class=\"elementor-element elementor-element-1f1b627 elementor-widget elementor-widget-text-editor\" data-id=\"1f1b627\" data-element_type=\"widget\" data-e-type=\"widget\" data-widget_type=\"text-editor.default\">\n\t\t\t\t\t\t\t\t\t<p>Patrocinar o Tardezinha em Miami foi mais do que uma a\u00e7\u00e3o de marketing \u2014 foi um gesto de celebra\u00e7\u00e3o da nossa cultura e um refor\u00e7o do compromisso que temos com a comunidade brasileira na Fl\u00f3rida. A First Choice Law acredita no poder dos eventos culturais para fortalecer nossas ra\u00edzes e criar la\u00e7os de pertencimento, mesmo vivendo longe do Brasil.<u><\/u><u><\/u><\/p><p>\u00a0<\/p><p>Por isso, temos orgulho de apoiar iniciativas que promovem alegria, integra\u00e7\u00e3o e uni\u00e3o. Estar ao lado da comunidade, dentro e fora do ambiente jur\u00eddico, faz parte da nossa miss\u00e3o.<\/p>\t\t\t\t\t\t\t\t<\/div>\n\t\t\t\t<div class=\"elementor-element elementor-element-1512a46 gallery-spacing-custom elementor-widget elementor-widget-image-gallery\" data-id=\"1512a46\" data-element_type=\"widget\" data-e-type=\"widget\" data-widget_type=\"image-gallery.default\">\n\t\t\t\t\t\t\t<div class=\"elementor-image-gallery\">\n\t\t\t<div id='gallery-1' class='gallery galleryid-2091 gallery-columns-7 gallery-size-thumbnail'><figure class='gallery-item'>\n\t\t\t<div class='gallery-icon portrait'>\n\t\t\t\t<a data-elementor-open-lightbox=\"yes\" data-elementor-lightbox-slideshow=\"1512a46\" data-elementor-lightbox-title=\"image (13)\" data-e-action-hash=\"#elementor-action%3Aaction%3Dlightbox%26settings%3DeyJpZCI6MjIwNCwidXJsIjoiaHR0cHM6XC9cL3d3dy5maXJzdGNob2ljZWxhdy5jb21cL25ld1wvd3AtY29udGVudFwvdXBsb2Fkc1wvMjAyNlwvMDFcL2ltYWdlLTEzLnBuZyIsInNsaWRlc2hvdyI6IjE1MTJhNDYifQ%3D%3D\" href='https:\/\/www.firstchoicelaw.com\/new\/wp-content\/uploads\/2026\/01\/image-13.png'><img decoding=\"async\" width=\"150\" height=\"150\" src=\"https:\/\/www.firstchoicelaw.com\/new\/wp-content\/uploads\/2026\/01\/image-13-150x150.png\" class=\"attachment-thumbnail size-thumbnail\" alt=\"\" \/><\/a>\n\t\t\t<\/div><\/figure><figure class='gallery-item'>\n\t\t\t<div class='gallery-icon portrait'>\n\t\t\t\t<a data-elementor-open-lightbox=\"yes\" data-elementor-lightbox-slideshow=\"1512a46\" data-elementor-lightbox-title=\"Screenshot 2026-01-15 at 2.17.10\u202fPM\" data-e-action-hash=\"#elementor-action%3Aaction%3Dlightbox%26settings%3DeyJpZCI6MjIwNSwidXJsIjoiaHR0cHM6XC9cL3d3dy5maXJzdGNob2ljZWxhdy5jb21cL25ld1wvd3AtY29udGVudFwvdXBsb2Fkc1wvMjAyNlwvMDFcL1NjcmVlbnNob3QtMjAyNi0wMS0xNS1hdC0yLjE3LjEwLVBNLnBuZyIsInNsaWRlc2hvdyI6IjE1MTJhNDYifQ%3D%3D\" href='https:\/\/www.firstchoicelaw.com\/new\/wp-content\/uploads\/2026\/01\/Screenshot-2026-01-15-at-2.17.10-PM.png'><img decoding=\"async\" width=\"150\" height=\"150\" src=\"https:\/\/www.firstchoicelaw.com\/new\/wp-content\/uploads\/2026\/01\/Screenshot-2026-01-15-at-2.17.10-PM-150x150.png\" class=\"attachment-thumbnail size-thumbnail\" alt=\"\" \/><\/a>\n\t\t\t<\/div><\/figure><figure class='gallery-item'>\n\t\t\t<div class='gallery-icon portrait'>\n\t\t\t\t<a data-elementor-open-lightbox=\"yes\" data-elementor-lightbox-slideshow=\"1512a46\" data-elementor-lightbox-title=\"Screenshot 2026-01-15 at 2.17.32\u202fPM\" data-e-action-hash=\"#elementor-action%3Aaction%3Dlightbox%26settings%3DeyJpZCI6MjIwNiwidXJsIjoiaHR0cHM6XC9cL3d3dy5maXJzdGNob2ljZWxhdy5jb21cL25ld1wvd3AtY29udGVudFwvdXBsb2Fkc1wvMjAyNlwvMDFcL1NjcmVlbnNob3QtMjAyNi0wMS0xNS1hdC0yLjE3LjMyLVBNLnBuZyIsInNsaWRlc2hvdyI6IjE1MTJhNDYifQ%3D%3D\" href='https:\/\/www.firstchoicelaw.com\/new\/wp-content\/uploads\/2026\/01\/Screenshot-2026-01-15-at-2.17.32-PM.png'><img decoding=\"async\" width=\"150\" height=\"150\" src=\"https:\/\/www.firstchoicelaw.com\/new\/wp-content\/uploads\/2026\/01\/Screenshot-2026-01-15-at-2.17.32-PM-150x150.png\" class=\"attachment-thumbnail size-thumbnail\" alt=\"\" \/><\/a>\n\t\t\t<\/div><\/figure><figure class='gallery-item'>\n\t\t\t<div class='gallery-icon portrait'>\n\t\t\t\t<a data-elementor-open-lightbox=\"yes\" data-elementor-lightbox-slideshow=\"1512a46\" data-elementor-lightbox-title=\"image (12)\" data-e-action-hash=\"#elementor-action%3Aaction%3Dlightbox%26settings%3DeyJpZCI6MjIwNywidXJsIjoiaHR0cHM6XC9cL3d3dy5maXJzdGNob2ljZWxhdy5jb21cL25ld1wvd3AtY29udGVudFwvdXBsb2Fkc1wvMjAyNlwvMDFcL2ltYWdlLTEyLnBuZyIsInNsaWRlc2hvdyI6IjE1MTJhNDYifQ%3D%3D\" href='https:\/\/www.firstchoicelaw.com\/new\/wp-content\/uploads\/2026\/01\/image-12.png'><img loading=\"lazy\" decoding=\"async\" width=\"150\" height=\"150\" src=\"https:\/\/www.firstchoicelaw.com\/new\/wp-content\/uploads\/2026\/01\/image-12-150x150.png\" class=\"attachment-thumbnail size-thumbnail\" alt=\"\" \/><\/a>\n\t\t\t<\/div><\/figure>\n\t\t<\/div>\n\t\t<\/div>\n\t\t\t\t\t\t<\/div>\n\t\t\t\t\t<\/div>\n\t\t\t\t<\/div>\n\t\t<div class=\"elementor-element elementor-element-5e62731 e-con-full e-flex e-con e-child\" data-id=\"5e62731\" data-element_type=\"container\" data-e-type=\"container\" data-settings=\"{&quot;background_background&quot;:&quot;classic&quot;}\">\n\t\t\t\t<div class=\"elementor-element elementor-element-6c5b0c4 elementor-widget elementor-widget-heading\" data-id=\"6c5b0c4\" data-element_type=\"widget\" data-e-type=\"widget\" data-widget_type=\"heading.default\">\n\t\t\t\t\t<p class=\"elementor-heading-title elementor-size-default\">We're Available 24\/7 \u2013 Chat Now<\/p>\t\t\t\t<\/div>\n\t\t\t\t<div class=\"elementor-element elementor-element-6f5816b elementor-align-center elementor-widget__width-initial elementor-widget elementor-widget-button\" data-id=\"6f5816b\" data-element_type=\"widget\" data-e-type=\"widget\" data-widget_type=\"button.default\">\n\t\t\t\t\t\t\t\t\t\t<a class=\"elementor-button elementor-button-link elementor-size-sm\" href=\"#\">\n\t\t\t\t\t\t<span class=\"elementor-button-content-wrapper\">\n\t\t\t\t\t\t\t\t\t<span class=\"elementor-button-text\">Start Chat Now<\/span>\n\t\t\t\t\t<\/span>\n\t\t\t\t\t<\/a>\n\t\t\t\t\t\t\t\t<\/div>\n\t\t\t\t<div class=\"elementor-element elementor-element-fcf369f elementor-widget elementor-widget-heading\" data-id=\"fcf369f\" data-element_type=\"widget\" data-e-type=\"widget\" data-widget_type=\"heading.default\">\n\t\t\t\t\t<p class=\"elementor-heading-title elementor-size-default\">We Speak English, Portuguese &amp; Spanish<\/p>\t\t\t\t<\/div>\n\t\t\t\t<\/div>\n\t\t\t\t<\/div>\n\t\t\t\t<\/div>\n\t\t","protected":false},"excerpt":{"rendered":"<p>Show do tardezinha First Choice Law: patrocinadora do Tardezinha em Miami pela primeira vez No dia\u00a025 de junho de 2023, [&hellip;]<\/p>\n","protected":false},"author":1,"featured_media":0,"parent":73,"menu_order":0,"comment_status":"closed","ping_status":"closed","template":"elementor_header_footer","meta":{"site-sidebar-layout":"no-sidebar","site-content-layout":"","ast-site-content-layout":"full-width-container","site-content-style":"default","site-sidebar-style":"default","ast-global-header-display":"","ast-banner-title-visibility":"","ast-main-header-display":"","ast-hfb-above-header-display":"","ast-hfb-below-header-display":"","ast-hfb-mobile-header-display":"","site-post-title":"","ast-breadcrumbs-content":"","ast-featured-img":"disabled","footer-sml-layout":"","ast-disable-related-posts":"","theme-transparent-header-meta":"","adv-header-id-meta":"","stick-header-meta":"","header-above-stick-meta":"","header-main-stick-meta":"","header-below-stick-meta":"","astra-migrate-meta-layouts":"default","ast-page-background-enabled":"default","ast-page-background-meta":{"desktop":{"background-color":"var(--ast-global-color-5)","background-image":"","background-repeat":"repeat","background-position":"center center","background-size":"auto","background-attachment":"scroll","background-type":"","background-media":"","overlay-type":"","overlay-color":"","overlay-opacity":"","overlay-gradient":""},"tablet":{"background-color":"","background-image":"","background-repeat":"repeat","background-position":"center center","background-size":"auto","background-attachment":"scroll","background-type":"","background-media":"","overlay-type":"","overlay-color":"","overlay-opacity":"","overlay-gradient":""},"mobile":{"background-color":"","background-image":"","background-repeat":"repeat","background-position":"center center","background-size":"auto","background-attachment":"scroll","background-type":"","background-media":"","overlay-type":"","overlay-color":"","overlay-opacity":"","overlay-gradient":""}},"ast-content-background-meta":{"desktop":{"background-color":"var(--ast-global-color-4)","background-image":"","background-repeat":"repeat","background-position":"center center","background-size":"auto","background-attachment":"scroll","background-type":"","background-media":"","overlay-type":"","overlay-color":"","overlay-opacity":"","overlay-gradient":""},"tablet":{"background-color":"var(--ast-global-color-4)","background-image":"","background-repeat":"repeat","background-position":"center center","background-size":"auto","background-attachment":"scroll","background-type":"","background-media":"","overlay-type":"","overlay-color":"","overlay-opacity":"","overlay-gradient":""},"mobile":{"background-color":"var(--ast-global-color-4)","background-image":"","background-repeat":"repeat","background-position":"center center","background-size":"auto","background-attachment":"scroll","background-type":"","background-media":"","overlay-type":"","overlay-color":"","overlay-opacity":"","overlay-gradient":""}},"footnotes":""},"class_list":["post-2091","page","type-page","status-publish","hentry"],"_links":{"self":[{"href":"https:\/\/www.firstchoicelaw.com\/new\/wp-json\/wp\/v2\/pages\/2091","targetHints":{"allow":["GET"]}}],"collection":[{"href":"https:\/\/www.firstchoicelaw.com\/new\/wp-json\/wp\/v2\/pages"}],"about":[{"href":"https:\/\/www.firstchoicelaw.com\/new\/wp-json\/wp\/v2\/types\/page"}],"author":[{"embeddable":true,"href":"https:\/\/www.firstchoicelaw.com\/new\/wp-json\/wp\/v2\/users\/1"}],"replies":[{"embeddable":true,"href":"https:\/\/www.firstchoicelaw.com\/new\/wp-json\/wp\/v2\/comments?post=2091"}],"version-history":[{"count":13,"href":"https:\/\/www.firstchoicelaw.com\/new\/wp-json\/wp\/v2\/pages\/2091\/revisions"}],"predecessor-version":[{"id":2674,"href":"https:\/\/www.firstchoicelaw.com\/new\/wp-json\/wp\/v2\/pages\/2091\/revisions\/2674"}],"up":[{"embeddable":true,"href":"https:\/\/www.firstchoicelaw.com\/new\/wp-json\/wp\/v2\/pages\/73"}],"wp:attachment":[{"href":"https:\/\/www.firstchoicelaw.com\/new\/wp-json\/wp\/v2\/media?parent=2091"}],"curies":[{"name":"wp","href":"https:\/\/api.w.org\/{rel}","templated":true}]}}