{"id":2080,"date":"2026-01-15T13:31:58","date_gmt":"2026-01-15T13:31:58","guid":{"rendered":"https:\/\/www.firstchoicelaw.com\/new\/?page_id=2080"},"modified":"2026-01-28T13:08:07","modified_gmt":"2026-01-28T13:08:07","slug":"fla-usa","status":"publish","type":"page","link":"https:\/\/www.firstchoicelaw.com\/new\/personal-injury-blog\/fla-usa\/","title":{"rendered":"Fla USA"},"content":{"rendered":"\t\t<div data-elementor-type=\"wp-page\" data-elementor-id=\"2080\" class=\"elementor elementor-2080\" data-elementor-post-type=\"page\">\n\t\t\t\t<div class=\"elementor-element elementor-element-2785daa e-con-full e-flex e-con e-parent\" data-id=\"2785daa\" data-element_type=\"container\" data-e-type=\"container\">\n\t\t<div class=\"elementor-element elementor-element-98b369f e-con-full e-flex e-con e-child\" data-id=\"98b369f\" data-element_type=\"container\" data-e-type=\"container\">\n\t\t\t\t<div class=\"elementor-element elementor-element-9a3b06e elementor-widget elementor-widget-image\" data-id=\"9a3b06e\" data-element_type=\"widget\" data-e-type=\"widget\" data-widget_type=\"image.default\">\n\t\t\t\t\t\t\t\t\t\t\t\t\t\t\t<img decoding=\"async\" src=\"https:\/\/www.firstchoicelaw.com\/new\/wp-content\/uploads\/elementor\/thumbs\/pablo-heimplatz-ZODcBkEohk8-unsplash-scaled-rhoyj28zoi38r8ipbt4jlhjg5cemd76io2ely1m8sg.jpg\" title=\"pablo-heimplatz-ZODcBkEohk8-unsplash\" alt=\"pablo-heimplatz-ZODcBkEohk8-unsplash\" loading=\"lazy\" \/>\t\t\t\t\t\t\t\t\t\t\t\t\t\t\t<\/div>\n\t\t\t\t<div class=\"elementor-element elementor-element-e2c70dc elementor-widget__width-initial elementor-absolute e-transform elementor-widget elementor-widget-heading\" data-id=\"e2c70dc\" data-element_type=\"widget\" data-e-type=\"widget\" data-settings=\"{&quot;_position&quot;:&quot;absolute&quot;,&quot;_transform_translateX_effect&quot;:{&quot;unit&quot;:&quot;%&quot;,&quot;size&quot;:-50,&quot;sizes&quot;:[]},&quot;_transform_translateX_effect_tablet&quot;:{&quot;unit&quot;:&quot;%&quot;,&quot;size&quot;:&quot;&quot;,&quot;sizes&quot;:[]},&quot;_transform_translateX_effect_mobile&quot;:{&quot;unit&quot;:&quot;%&quot;,&quot;size&quot;:&quot;&quot;,&quot;sizes&quot;:[]},&quot;_transform_translateY_effect&quot;:{&quot;unit&quot;:&quot;%&quot;,&quot;size&quot;:-50,&quot;sizes&quot;:[]},&quot;_transform_translateY_effect_tablet&quot;:{&quot;unit&quot;:&quot;%&quot;,&quot;size&quot;:&quot;&quot;,&quot;sizes&quot;:[]},&quot;_transform_translateY_effect_mobile&quot;:{&quot;unit&quot;:&quot;%&quot;,&quot;size&quot;:&quot;&quot;,&quot;sizes&quot;:[]}}\" data-widget_type=\"heading.default\">\n\t\t\t\t\t<h2 class=\"elementor-heading-title elementor-size-default\">Fla USA<\/h2>\t\t\t\t<\/div>\n\t\t\t\t<\/div>\n\t\t<div class=\"elementor-element elementor-element-83e81dc e-flex e-con-boxed e-con e-child\" data-id=\"83e81dc\" data-element_type=\"container\" data-e-type=\"container\">\n\t\t\t\t\t<div class=\"e-con-inner\">\n\t\t\t\t<div class=\"elementor-element elementor-element-aac5015 elementor-widget elementor-widget-heading\" data-id=\"aac5015\" data-element_type=\"widget\" data-e-type=\"widget\" data-widget_type=\"heading.default\">\n\t\t\t\t\t<h2 class=\"elementor-heading-title elementor-size-default\">First Choice Law &amp; Fla USA Orlando \u2014 parceria forte com a torcida rubro-negra na Fl\u00f3rida<\/h2>\t\t\t\t<\/div>\n\t\t\t\t<div class=\"elementor-element elementor-element-a8051f0 elementor-widget__width-initial elementor-widget elementor-widget-heading\" data-id=\"a8051f0\" data-element_type=\"widget\" data-e-type=\"widget\" data-widget_type=\"heading.default\">\n\t\t\t\t\t<span class=\"elementor-heading-title elementor-size-default\">   <\/span>\t\t\t\t<\/div>\n\t\t\t\t<div class=\"elementor-element elementor-element-f2c8dde elementor-widget elementor-widget-text-editor\" data-id=\"f2c8dde\" data-element_type=\"widget\" data-e-type=\"widget\" data-widget_type=\"text-editor.default\">\n\t\t\t\t\t\t\t\t\t<p>A First Choice Law tem orgulho de anunciar sua parceria com a\u00a0<strong>Fla USA Orlando<\/strong>\u00a0\u2014 reconhecida como a maior torcida do Flamengo na Fl\u00f3rida, atuando fortemente na comunidade brasileira nos EUA. A partir de 2025, intensificamos nossa presen\u00e7a em eventos esportivos e culturais voltados para torcedores, aproximando nossa marca e nossa miss\u00e3o de quem vibra pelo futebol e pela cultura brasileira fora do Brasil.<\/p>\t\t\t\t\t\t\t\t<\/div>\n\t\t\t\t<div class=\"elementor-element elementor-element-b49b4fd elementor-widget elementor-widget-heading\" data-id=\"b49b4fd\" data-element_type=\"widget\" data-e-type=\"widget\" data-widget_type=\"heading.default\">\n\t\t\t\t\t<h2 class=\"elementor-heading-title elementor-size-default\">\ud83c\udfc6 Destaque: ano de 2025 \u2014 conquistas do Flamengo\n<\/h2>\t\t\t\t<\/div>\n\t\t\t\t<div class=\"elementor-element elementor-element-6650f44 elementor-widget__width-initial elementor-widget elementor-widget-heading\" data-id=\"6650f44\" data-element_type=\"widget\" data-e-type=\"widget\" data-widget_type=\"heading.default\">\n\t\t\t\t\t<span class=\"elementor-heading-title elementor-size-default\"> <\/span>\t\t\t\t<\/div>\n\t\t\t\t<div class=\"elementor-element elementor-element-7206914 elementor-widget elementor-widget-text-editor\" data-id=\"7206914\" data-element_type=\"widget\" data-e-type=\"widget\" data-widget_type=\"text-editor.default\">\n\t\t\t\t\t\t\t\t\t<p>No ano de 2025, o Flamengo reafirmou sua for\u00e7a: conquistou a\u00a0<strong>Copa Libertadores 2025<\/strong>, tornando-se o primeiro clube brasileiro tetracampe\u00e3o da competi\u00e7\u00e3o.<br \/>Al\u00e9m disso, a equipe tamb\u00e9m venceu a\u00a0<strong>Supercopa do Brasil 2025<\/strong>, aumentando ainda mais o entusiasmo da torcida \u2014 e a First Choice Law se fez presente para celebrar junto com a comunidade da Fla USA Orlando.<\/p>\t\t\t\t\t\t\t\t<\/div>\n\t\t\t\t<div class=\"elementor-element elementor-element-3298b64 elementor-widget elementor-widget-heading\" data-id=\"3298b64\" data-element_type=\"widget\" data-e-type=\"widget\" data-widget_type=\"heading.default\">\n\t\t\t\t\t<h2 class=\"elementor-heading-title elementor-size-default\">\ud83c\udf89 Presen\u00e7a da First Choice Law nos eventos da torcida\n<\/h2>\t\t\t\t<\/div>\n\t\t\t\t<div class=\"elementor-element elementor-element-1abc98b elementor-widget__width-initial elementor-widget elementor-widget-heading\" data-id=\"1abc98b\" data-element_type=\"widget\" data-e-type=\"widget\" data-widget_type=\"heading.default\">\n\t\t\t\t\t<span class=\"elementor-heading-title elementor-size-default\"> <\/span>\t\t\t\t<\/div>\n\t\t\t\t<div class=\"elementor-element elementor-element-38a6942 elementor-widget elementor-widget-text-editor\" data-id=\"38a6942\" data-element_type=\"widget\" data-e-type=\"widget\" data-widget_type=\"text-editor.default\">\n\t\t\t\t\t\t\t\t\t<p>Para marcar esse apoio e envolvimento com a\u00a0<strong>Fla USA Orlando<\/strong>, patrocinamos diversos eventos esportivos da torcida na Fl\u00f3rida \u2014 com visibilidade da marca e brindes especiais. No \u00faltimo jogo da Libertadores com a torcida, realizamos\u00a0<strong>um sorteio de uma camisa exclusiva autografada pelo \u00eddolo Zico<\/strong>, um presente simb\u00f3lico, hist\u00f3rico e de grande significado para os f\u00e3s. O sorteio foi um sucesso e refor\u00e7ou ainda mais o v\u00ednculo da First Choice Law com a comunidade rubro-negra em Orlando.<u><\/u><u><\/u><\/p>\t\t\t\t\t\t\t\t<\/div>\n\t\t\t\t<div class=\"elementor-element elementor-element-0983de9 elementor-widget elementor-widget-heading\" data-id=\"0983de9\" data-element_type=\"widget\" data-e-type=\"widget\" data-widget_type=\"heading.default\">\n\t\t\t\t\t<h2 class=\"elementor-heading-title elementor-size-default\">\ud83e\udd1d Nosso compromisso vai al\u00e9m \u2014 cultura, comunidade e envolvimento\n<\/h2>\t\t\t\t<\/div>\n\t\t\t\t<div class=\"elementor-element elementor-element-f21c4e7 elementor-widget__width-initial elementor-widget elementor-widget-heading\" data-id=\"f21c4e7\" data-element_type=\"widget\" data-e-type=\"widget\" data-widget_type=\"heading.default\">\n\t\t\t\t\t<span class=\"elementor-heading-title elementor-size-default\"> <\/span>\t\t\t\t<\/div>\n\t\t\t\t<div class=\"elementor-element elementor-element-48b2fbb elementor-widget elementor-widget-text-editor\" data-id=\"48b2fbb\" data-element_type=\"widget\" data-e-type=\"widget\" data-widget_type=\"text-editor.default\">\n\t\t\t\t\t\t\t\t\t<div class=\"gs\"><div class=\"\"><div id=\":km\" class=\"ii gt\"><div id=\":kl\" class=\"a3s aiL\"><div id=\"avWBGd-280\"><div dir=\"ltr\"><div class=\"gmail_quote\"><div><div lang=\"PT-BR\"><div><p>A First Choice Law acredita que apoiar torcidas, esportes e cultura faz parte de sua miss\u00e3o de estar pr\u00f3xima da comunidade brasileira nos EUA. A parceria com a\u00a0<strong>Fla USA Orlando<\/strong>\u00a0representa nossa dedica\u00e7\u00e3o em construir pontes \u2014 n\u00e3o apenas no \u00e2mbito jur\u00eddico, mas tamb\u00e9m social, emocional e cultural. Celebrar conquistas, paix\u00e3o e orgulho de ser brasileiro fora do Brasil \u00e9 algo que valorizamos profundamente.<u><\/u><u><\/u><\/p><\/div><\/div><\/div><\/div><\/div><\/div><\/div><\/div><\/div><\/div>\t\t\t\t\t\t\t\t<\/div>\n\t\t\t\t<div class=\"elementor-element elementor-element-e6f0a42 gallery-spacing-custom elementor-widget elementor-widget-image-gallery\" data-id=\"e6f0a42\" data-element_type=\"widget\" data-e-type=\"widget\" data-widget_type=\"image-gallery.default\">\n\t\t\t\t\t\t\t<div class=\"elementor-image-gallery\">\n\t\t\t<div id='gallery-1' class='gallery galleryid-2080 gallery-columns-7 gallery-size-thumbnail'><figure class='gallery-item'>\n\t\t\t<div class='gallery-icon portrait'>\n\t\t\t\t<a data-elementor-open-lightbox=\"yes\" data-elementor-lightbox-slideshow=\"e6f0a42\" data-elementor-lightbox-title=\"image (29)\" data-e-action-hash=\"#elementor-action%3Aaction%3Dlightbox%26settings%3DeyJpZCI6MjI0MSwidXJsIjoiaHR0cHM6XC9cL3d3dy5maXJzdGNob2ljZWxhdy5jb21cL25ld1wvd3AtY29udGVudFwvdXBsb2Fkc1wvMjAyNlwvMDFcL2ltYWdlLTI5LXNjYWxlZC5wbmciLCJzbGlkZXNob3ciOiJlNmYwYTQyIn0%3D\" href='https:\/\/www.firstchoicelaw.com\/new\/wp-content\/uploads\/2026\/01\/image-29-scaled.png'><img decoding=\"async\" width=\"150\" height=\"150\" src=\"https:\/\/www.firstchoicelaw.com\/new\/wp-content\/uploads\/2026\/01\/image-29-150x150.png\" class=\"attachment-thumbnail size-thumbnail\" alt=\"\" \/><\/a>\n\t\t\t<\/div><\/figure><figure class='gallery-item'>\n\t\t\t<div class='gallery-icon portrait'>\n\t\t\t\t<a data-elementor-open-lightbox=\"yes\" data-elementor-lightbox-slideshow=\"e6f0a42\" data-elementor-lightbox-title=\"image (31)\" data-e-action-hash=\"#elementor-action%3Aaction%3Dlightbox%26settings%3DeyJpZCI6MjI0MiwidXJsIjoiaHR0cHM6XC9cL3d3dy5maXJzdGNob2ljZWxhdy5jb21cL25ld1wvd3AtY29udGVudFwvdXBsb2Fkc1wvMjAyNlwvMDFcL2ltYWdlLTMxLnBuZyIsInNsaWRlc2hvdyI6ImU2ZjBhNDIifQ%3D%3D\" href='https:\/\/www.firstchoicelaw.com\/new\/wp-content\/uploads\/2026\/01\/image-31.png'><img decoding=\"async\" width=\"150\" height=\"150\" src=\"https:\/\/www.firstchoicelaw.com\/new\/wp-content\/uploads\/2026\/01\/image-31-150x150.png\" class=\"attachment-thumbnail size-thumbnail\" alt=\"\" \/><\/a>\n\t\t\t<\/div><\/figure><figure class='gallery-item'>\n\t\t\t<div class='gallery-icon portrait'>\n\t\t\t\t<a data-elementor-open-lightbox=\"yes\" data-elementor-lightbox-slideshow=\"e6f0a42\" data-elementor-lightbox-title=\"image (28)\" data-e-action-hash=\"#elementor-action%3Aaction%3Dlightbox%26settings%3DeyJpZCI6MjI0NCwidXJsIjoiaHR0cHM6XC9cL3d3dy5maXJzdGNob2ljZWxhdy5jb21cL25ld1wvd3AtY29udGVudFwvdXBsb2Fkc1wvMjAyNlwvMDFcL2ltYWdlLTI4LnBuZyIsInNsaWRlc2hvdyI6ImU2ZjBhNDIifQ%3D%3D\" href='https:\/\/www.firstchoicelaw.com\/new\/wp-content\/uploads\/2026\/01\/image-28.png'><img decoding=\"async\" width=\"150\" height=\"150\" src=\"https:\/\/www.firstchoicelaw.com\/new\/wp-content\/uploads\/2026\/01\/image-28-150x150.png\" class=\"attachment-thumbnail size-thumbnail\" alt=\"\" \/><\/a>\n\t\t\t<\/div><\/figure><figure class='gallery-item'>\n\t\t\t<div class='gallery-icon portrait'>\n\t\t\t\t<a data-elementor-open-lightbox=\"yes\" data-elementor-lightbox-slideshow=\"e6f0a42\" data-elementor-lightbox-title=\"image (30)\" data-e-action-hash=\"#elementor-action%3Aaction%3Dlightbox%26settings%3DeyJpZCI6MjI0NSwidXJsIjoiaHR0cHM6XC9cL3d3dy5maXJzdGNob2ljZWxhdy5jb21cL25ld1wvd3AtY29udGVudFwvdXBsb2Fkc1wvMjAyNlwvMDFcL2ltYWdlLTMwLnBuZyIsInNsaWRlc2hvdyI6ImU2ZjBhNDIifQ%3D%3D\" href='https:\/\/www.firstchoicelaw.com\/new\/wp-content\/uploads\/2026\/01\/image-30.png'><img loading=\"lazy\" decoding=\"async\" width=\"150\" height=\"150\" src=\"https:\/\/www.firstchoicelaw.com\/new\/wp-content\/uploads\/2026\/01\/image-30-150x150.png\" class=\"attachment-thumbnail size-thumbnail\" alt=\"\" \/><\/a>\n\t\t\t<\/div><\/figure>\n\t\t<\/div>\n\t\t<\/div>\n\t\t\t\t\t\t<\/div>\n\t\t\t\t\t<\/div>\n\t\t\t\t<\/div>\n\t\t<div class=\"elementor-element elementor-element-53eaf56 e-con-full e-flex e-con e-child\" data-id=\"53eaf56\" data-element_type=\"container\" data-e-type=\"container\" data-settings=\"{&quot;background_background&quot;:&quot;classic&quot;}\">\n\t\t\t\t<div class=\"elementor-element elementor-element-c299d91 elementor-widget elementor-widget-heading\" data-id=\"c299d91\" data-element_type=\"widget\" data-e-type=\"widget\" data-widget_type=\"heading.default\">\n\t\t\t\t\t<p class=\"elementor-heading-title elementor-size-default\">We're Available 24\/7 \u2013 Chat Now<\/p>\t\t\t\t<\/div>\n\t\t\t\t<div class=\"elementor-element elementor-element-5ac3379 elementor-align-center elementor-widget__width-initial elementor-widget elementor-widget-button\" data-id=\"5ac3379\" data-element_type=\"widget\" data-e-type=\"widget\" data-widget_type=\"button.default\">\n\t\t\t\t\t\t\t\t\t\t<a class=\"elementor-button elementor-button-link elementor-size-sm\" href=\"#\">\n\t\t\t\t\t\t<span class=\"elementor-button-content-wrapper\">\n\t\t\t\t\t\t\t\t\t<span class=\"elementor-button-text\">Start Chat Now<\/span>\n\t\t\t\t\t<\/span>\n\t\t\t\t\t<\/a>\n\t\t\t\t\t\t\t\t<\/div>\n\t\t\t\t<div class=\"elementor-element elementor-element-d1b2409 elementor-widget elementor-widget-heading\" data-id=\"d1b2409\" data-element_type=\"widget\" data-e-type=\"widget\" data-widget_type=\"heading.default\">\n\t\t\t\t\t<p class=\"elementor-heading-title elementor-size-default\">We Speak English, Portuguese &amp; Spanish<\/p>\t\t\t\t<\/div>\n\t\t\t\t<\/div>\n\t\t\t\t<\/div>\n\t\t\t\t<\/div>\n\t\t","protected":false},"excerpt":{"rendered":"<p>Fla USA First Choice Law &amp; Fla USA Orlando \u2014 parceria forte com a torcida rubro-negra na Fl\u00f3rida A First [&hellip;]<\/p>\n","protected":false},"author":1,"featured_media":0,"parent":73,"menu_order":0,"comment_status":"closed","ping_status":"closed","template":"elementor_header_footer","meta":{"site-sidebar-layout":"no-sidebar","site-content-layout":"","ast-site-content-layout":"full-width-container","site-content-style":"default","site-sidebar-style":"default","ast-global-header-display":"","ast-banner-title-visibility":"","ast-main-header-display":"","ast-hfb-above-header-display":"","ast-hfb-below-header-display":"","ast-hfb-mobile-header-display":"","site-post-title":"","ast-breadcrumbs-content":"","ast-featured-img":"disabled","footer-sml-layout":"","ast-disable-related-posts":"","theme-transparent-header-meta":"","adv-header-id-meta":"","stick-header-meta":"","header-above-stick-meta":"","header-main-stick-meta":"","header-below-stick-meta":"","astra-migrate-meta-layouts":"default","ast-page-background-enabled":"default","ast-page-background-meta":{"desktop":{"background-color":"var(--ast-global-color-5)","background-image":"","background-repeat":"repeat","background-position":"center center","background-size":"auto","background-attachment":"scroll","background-type":"","background-media":"","overlay-type":"","overlay-color":"","overlay-opacity":"","overlay-gradient":""},"tablet":{"background-color":"","background-image":"","background-repeat":"repeat","background-position":"center center","background-size":"auto","background-attachment":"scroll","background-type":"","background-media":"","overlay-type":"","overlay-color":"","overlay-opacity":"","overlay-gradient":""},"mobile":{"background-color":"","background-image":"","background-repeat":"repeat","background-position":"center center","background-size":"auto","background-attachment":"scroll","background-type":"","background-media":"","overlay-type":"","overlay-color":"","overlay-opacity":"","overlay-gradient":""}},"ast-content-background-meta":{"desktop":{"background-color":"var(--ast-global-color-4)","background-image":"","background-repeat":"repeat","background-position":"center center","background-size":"auto","background-attachment":"scroll","background-type":"","background-media":"","overlay-type":"","overlay-color":"","overlay-opacity":"","overlay-gradient":""},"tablet":{"background-color":"var(--ast-global-color-4)","background-image":"","background-repeat":"repeat","background-position":"center center","background-size":"auto","background-attachment":"scroll","background-type":"","background-media":"","overlay-type":"","overlay-color":"","overlay-opacity":"","overlay-gradient":""},"mobile":{"background-color":"var(--ast-global-color-4)","background-image":"","background-repeat":"repeat","background-position":"center center","background-size":"auto","background-attachment":"scroll","background-type":"","background-media":"","overlay-type":"","overlay-color":"","overlay-opacity":"","overlay-gradient":""}},"footnotes":""},"class_list":["post-2080","page","type-page","status-publish","hentry"],"_links":{"self":[{"href":"https:\/\/www.firstchoicelaw.com\/new\/wp-json\/wp\/v2\/pages\/2080","targetHints":{"allow":["GET"]}}],"collection":[{"href":"https:\/\/www.firstchoicelaw.com\/new\/wp-json\/wp\/v2\/pages"}],"about":[{"href":"https:\/\/www.firstchoicelaw.com\/new\/wp-json\/wp\/v2\/types\/page"}],"author":[{"embeddable":true,"href":"https:\/\/www.firstchoicelaw.com\/new\/wp-json\/wp\/v2\/users\/1"}],"replies":[{"embeddable":true,"href":"https:\/\/www.firstchoicelaw.com\/new\/wp-json\/wp\/v2\/comments?post=2080"}],"version-history":[{"count":10,"href":"https:\/\/www.firstchoicelaw.com\/new\/wp-json\/wp\/v2\/pages\/2080\/revisions"}],"predecessor-version":[{"id":2680,"href":"https:\/\/www.firstchoicelaw.com\/new\/wp-json\/wp\/v2\/pages\/2080\/revisions\/2680"}],"up":[{"embeddable":true,"href":"https:\/\/www.firstchoicelaw.com\/new\/wp-json\/wp\/v2\/pages\/73"}],"wp:attachment":[{"href":"https:\/\/www.firstchoicelaw.com\/new\/wp-json\/wp\/v2\/media?parent=2080"}],"curies":[{"name":"wp","href":"https:\/\/api.w.org\/{rel}","templated":true}]}}